{"id":142,"date":"2019-08-12T15:30:52","date_gmt":"2019-08-12T13:30:52","guid":{"rendered":"http:\/\/aytcoaching.com\/?page_id=142"},"modified":"2024-12-04T00:11:07","modified_gmt":"2024-12-04T03:11:07","slug":"empresas","status":"publish","type":"page","link":"https:\/\/aytcoaching.com\/index.php\/empresas\/","title":{"rendered":"EMPRESAS"},"content":{"rendered":"\t\t<div data-elementor-type=\"wp-post\" data-elementor-id=\"142\" class=\"elementor elementor-142\" data-elementor-settings=\"[]\">\n\t\t\t\t\t\t<div class=\"elementor-inner\">\n\t\t\t\t\t\t\t<div class=\"elementor-section-wrap\">\n\t\t\t\t\t\t\t<section class=\"elementor-section elementor-top-section elementor-element elementor-element-0abaa62 elementor-section-boxed elementor-section-height-default elementor-section-height-default\" data-id=\"0abaa62\" data-element_type=\"section\" data-settings=\"{&quot;background_background&quot;:&quot;classic&quot;}\">\n\t\t\t\t\t\t<div class=\"elementor-container elementor-column-gap-default\">\n\t\t\t\t\t\t\t<div class=\"elementor-row\">\n\t\t\t\t\t<div class=\"elementor-column elementor-col-33 elementor-top-column elementor-element elementor-element-d138a61\" data-id=\"d138a61\" data-element_type=\"column\">\n\t\t\t<div class=\"elementor-column-wrap elementor-element-populated\">\n\t\t\t\t\t\t\t<div class=\"elementor-widget-wrap\">\n\t\t\t\t\t\t<div class=\"elementor-element elementor-element-06d62fb elementor-widget elementor-widget-html\" data-id=\"06d62fb\" data-element_type=\"widget\" data-widget_type=\"html.default\">\n\t\t\t\t<div class=\"elementor-widget-container\">\n\t\t\t<div align=\"center\">\r\n<a href=\"http:\/\/ayt-coaching.com.ar\/educacion\/login\/index.php\"><b><span style=\"color: #ffffff;\">FORMACION - AULA VIRTUAL<\/span><\/b><\/a>\r\n<\/div>\t\t<\/div>\n\t\t\t\t<\/div>\n\t\t\t\t\t\t<\/div>\n\t\t\t\t\t<\/div>\n\t\t<\/div>\n\t\t\t\t<div class=\"elementor-column elementor-col-33 elementor-top-column elementor-element elementor-element-0d2a53b\" data-id=\"0d2a53b\" data-element_type=\"column\">\n\t\t\t<div class=\"elementor-column-wrap elementor-element-populated\">\n\t\t\t\t\t\t\t<div class=\"elementor-widget-wrap\">\n\t\t\t\t\t\t<div class=\"elementor-element elementor-element-a3601c9 elementor-widget elementor-widget-html\" data-id=\"a3601c9\" data-element_type=\"widget\" data-widget_type=\"html.default\">\n\t\t\t\t<div class=\"elementor-widget-container\">\n\t\t\t<div align=\"center\">\r\n<a href=\"https:\/\/formacion.aytcoaching.com\/\"><b><span style=\"color: #ffffff;\">FORMACION EN LINEA<\/span><\/b><\/a>\r\n<\/div>\t\t<\/div>\n\t\t\t\t<\/div>\n\t\t\t\t\t\t<\/div>\n\t\t\t\t\t<\/div>\n\t\t<\/div>\n\t\t\t\t<div class=\"elementor-column elementor-col-33 elementor-top-column elementor-element elementor-element-4c9c3c8\" data-id=\"4c9c3c8\" data-element_type=\"column\">\n\t\t\t<div class=\"elementor-column-wrap elementor-element-populated\">\n\t\t\t\t\t\t\t<div class=\"elementor-widget-wrap\">\n\t\t\t\t\t\t<div class=\"elementor-element elementor-element-5157c02 elementor-widget elementor-widget-html\" data-id=\"5157c02\" data-element_type=\"widget\" data-widget_type=\"html.default\">\n\t\t\t\t<div class=\"elementor-widget-container\">\n\t\t\t<div align=\"center\">\r\n<a href=\"https:\/\/www.facebook.com\/AyTCoachingOrganizacional\/\" target=\"blanck\">\r\n<img loading=\"lazy\" width=\"22\" height=\"22\" src=\"http:\/\/aytcoaching.com\/wp-content\/uploads\/2019\/08\/icono-facebook.jpg\" class=\"attachment-large size-large\" alt=\"facebook\" draggable=\"false\"><\/a>\r\n\r\n<a href=\"https:\/\/twitter.com\/AyTCoaching\">\r\n<img loading=\"lazy\" width=\"22\" height=\"22\" src=\"http:\/\/aytcoaching.com\/wp-content\/uploads\/2019\/08\/icono-twiter.jpg\" class=\"attachment-large size-large\" alt=\"twiter\" draggable=\"false\"><\/a>\r\n\r\n<a href=\"https:\/\/www.linkedin.com\/company\/ayt-coaching\" target=\"blanck\">\r\n<img loading=\"lazy\" width=\"22\" height=\"22\" src=\"http:\/\/aytcoaching.com\/wp-content\/uploads\/2019\/08\/icono-linkedin.jpg\" class=\"attachment-large size-large\" alt=\"linkedin\" draggable=\"false\"><\/a>\r\n\r\n<a href=\"https:\/\/www.instagram.com\/AyTCoachingOrganizacional\/\" target=\"blanck\">\r\n<img loading=\"lazy\" width=\"22\" height=\"22\" src=\"http:\/\/aytcoaching.com\/wp-content\/uploads\/2019\/08\/icono-instagram.jpg\" class=\"attachment-large size-large\" alt=\"instagram\" draggable=\"false\"><\/a>\r\n<\/div>\t\t<\/div>\n\t\t\t\t<\/div>\n\t\t\t\t\t\t<\/div>\n\t\t\t\t\t<\/div>\n\t\t<\/div>\n\t\t\t\t\t\t\t\t<\/div>\n\t\t\t\t\t<\/div>\n\t\t<\/section>\n\t\t\t\t<section class=\"elementor-section elementor-top-section elementor-element elementor-element-27150350 elementor-section-boxed elementor-section-height-default elementor-section-height-default\" data-id=\"27150350\" data-element_type=\"section\">\n\t\t\t\t\t\t<div class=\"elementor-container elementor-column-gap-default\">\n\t\t\t\t\t\t\t<div class=\"elementor-row\">\n\t\t\t\t\t<div class=\"elementor-column elementor-col-100 elementor-top-column elementor-element elementor-element-14e20f64\" data-id=\"14e20f64\" data-element_type=\"column\">\n\t\t\t<div class=\"elementor-column-wrap elementor-element-populated\">\n\t\t\t\t\t\t\t<div class=\"elementor-widget-wrap\">\n\t\t\t\t\t\t<div class=\"elementor-element elementor-element-d0288ff elementor-widget elementor-widget-text-editor\" data-id=\"d0288ff\" data-element_type=\"widget\" data-widget_type=\"text-editor.default\">\n\t\t\t\t<div class=\"elementor-widget-container\">\n\t\t\t\t\t\t\t\t<div class=\"elementor-text-editor elementor-clearfix\">\n\t\t\t\t<h3><strong>\u00c1REAS DE DESEMPE\u00d1O<\/strong><\/h3>\t\t\t\t\t<\/div>\n\t\t\t\t\t\t<\/div>\n\t\t\t\t<\/div>\n\t\t\t\t<div class=\"elementor-element elementor-element-5c6df468 elementor-widget-divider--view-line elementor-widget elementor-widget-divider\" data-id=\"5c6df468\" data-element_type=\"widget\" data-widget_type=\"divider.default\">\n\t\t\t\t<div class=\"elementor-widget-container\">\n\t\t\t\t\t<div class=\"elementor-divider\">\n\t\t\t<span class=\"elementor-divider-separator\">\n\t\t\t\t\t\t<\/span>\n\t\t<\/div>\n\t\t\t\t<\/div>\n\t\t\t\t<\/div>\n\t\t\t\t\t\t<\/div>\n\t\t\t\t\t<\/div>\n\t\t<\/div>\n\t\t\t\t\t\t\t\t<\/div>\n\t\t\t\t\t<\/div>\n\t\t<\/section>\n\t\t\t\t<section class=\"elementor-section elementor-top-section elementor-element elementor-element-3c7bae71 elementor-section-boxed elementor-section-height-default elementor-section-height-default\" data-id=\"3c7bae71\" data-element_type=\"section\">\n\t\t\t\t\t\t<div class=\"elementor-container elementor-column-gap-default\">\n\t\t\t\t\t\t\t<div class=\"elementor-row\">\n\t\t\t\t\t<div class=\"elementor-column elementor-col-100 elementor-top-column elementor-element elementor-element-1f487dcd\" data-id=\"1f487dcd\" data-element_type=\"column\">\n\t\t\t<div class=\"elementor-column-wrap elementor-element-populated\">\n\t\t\t\t\t\t\t<div class=\"elementor-widget-wrap\">\n\t\t\t\t\t\t<section class=\"elementor-section elementor-inner-section elementor-element elementor-element-44c6a5c5 elementor-section-boxed elementor-section-height-default elementor-section-height-default\" data-id=\"44c6a5c5\" data-element_type=\"section\">\n\t\t\t\t\t\t<div class=\"elementor-container elementor-column-gap-default\">\n\t\t\t\t\t\t\t<div class=\"elementor-row\">\n\t\t\t\t\t<div class=\"elementor-column elementor-col-50 elementor-inner-column elementor-element elementor-element-508fb3fa\" data-id=\"508fb3fa\" data-element_type=\"column\">\n\t\t\t<div class=\"elementor-column-wrap elementor-element-populated\">\n\t\t\t\t\t\t\t<div class=\"elementor-widget-wrap\">\n\t\t\t\t\t\t<div class=\"elementor-element elementor-element-621049d elementor-widget elementor-widget-image\" data-id=\"621049d\" data-element_type=\"widget\" data-widget_type=\"image.default\">\n\t\t\t\t<div class=\"elementor-widget-container\">\n\t\t\t\t\t\t\t\t<div class=\"elementor-image\">\n\t\t\t\t\t\t\t\t\t\t\t\t<img width=\"300\" height=\"300\" src=\"https:\/\/aytcoaching.com\/wp-content\/uploads\/2019\/09\/areas-empresas.jpg\" class=\"attachment-large size-large\" alt=\"area empresas\" loading=\"lazy\" srcset=\"https:\/\/aytcoaching.com\/wp-content\/uploads\/2019\/09\/areas-empresas.jpg 300w, https:\/\/aytcoaching.com\/wp-content\/uploads\/2019\/09\/areas-empresas-150x150.jpg 150w\" sizes=\"(max-width: 300px) 100vw, 300px\" \/>\t\t\t\t\t\t\t\t\t\t\t\t\t\t<\/div>\n\t\t\t\t\t\t<\/div>\n\t\t\t\t<\/div>\n\t\t\t\t\t\t<\/div>\n\t\t\t\t\t<\/div>\n\t\t<\/div>\n\t\t\t\t<div class=\"elementor-column elementor-col-50 elementor-inner-column elementor-element elementor-element-130ded83\" data-id=\"130ded83\" data-element_type=\"column\">\n\t\t\t<div class=\"elementor-column-wrap elementor-element-populated\">\n\t\t\t\t\t\t\t<div class=\"elementor-widget-wrap\">\n\t\t\t\t\t\t<div class=\"elementor-element elementor-element-7679292 elementor-widget elementor-widget-text-editor\" data-id=\"7679292\" data-element_type=\"widget\" data-widget_type=\"text-editor.default\">\n\t\t\t\t<div class=\"elementor-widget-container\">\n\t\t\t\t\t\t\t\t<div class=\"elementor-text-editor elementor-clearfix\">\n\t\t\t\t<h5>\u00a0<\/h5><h5><strong>EMPRESAS<\/strong><\/h5><p>Una tendencia en las empresas es que se orientan cada vez m\u00e1s a la participaci\u00f3n, el liderazgo y la colaboraci\u00f3n entre sus miembros cuando coordinan sus procesos en la sociedad. La oferta considera los cambios que ocurren, mediante programas que son el centro en la posibilidad de aprendizaje continuo.<br \/>Como resultado, los participantes mejoran sus resultados, usando el poder de las conversaciones, tienen competencias para dialogar, negociar, articular posibilidades y superar desaf\u00edos, produciendo as\u00ed un mejor ambiente social y propiciando mayor bienestar en las personas.<\/p>\t\t\t\t\t<\/div>\n\t\t\t\t\t\t<\/div>\n\t\t\t\t<\/div>\n\t\t\t\t\t\t<\/div>\n\t\t\t\t\t<\/div>\n\t\t<\/div>\n\t\t\t\t\t\t\t\t<\/div>\n\t\t\t\t\t<\/div>\n\t\t<\/section>\n\t\t\t\t\t\t<\/div>\n\t\t\t\t\t<\/div>\n\t\t<\/div>\n\t\t\t\t\t\t\t\t<\/div>\n\t\t\t\t\t<\/div>\n\t\t<\/section>\n\t\t\t\t<section class=\"elementor-section elementor-top-section elementor-element elementor-element-6f52dc7e elementor-section-boxed elementor-section-height-default elementor-section-height-default\" data-id=\"6f52dc7e\" data-element_type=\"section\">\n\t\t\t\t\t\t<div class=\"elementor-container elementor-column-gap-default\">\n\t\t\t\t\t\t\t<div class=\"elementor-row\">\n\t\t\t\t\t<div class=\"elementor-column elementor-col-100 elementor-top-column elementor-element elementor-element-30b5f6af\" data-id=\"30b5f6af\" data-element_type=\"column\">\n\t\t\t<div class=\"elementor-column-wrap elementor-element-populated\">\n\t\t\t\t\t\t\t<div class=\"elementor-widget-wrap\">\n\t\t\t\t\t\t<div class=\"elementor-element elementor-element-160d2a34 elementor-widget-divider--view-line elementor-widget elementor-widget-divider\" data-id=\"160d2a34\" data-element_type=\"widget\" data-widget_type=\"divider.default\">\n\t\t\t\t<div class=\"elementor-widget-container\">\n\t\t\t\t\t<div class=\"elementor-divider\">\n\t\t\t<span class=\"elementor-divider-separator\">\n\t\t\t\t\t\t<\/span>\n\t\t<\/div>\n\t\t\t\t<\/div>\n\t\t\t\t<\/div>\n\t\t\t\t\t\t<\/div>\n\t\t\t\t\t<\/div>\n\t\t<\/div>\n\t\t\t\t\t\t\t\t<\/div>\n\t\t\t\t\t<\/div>\n\t\t<\/section>\n\t\t\t\t\t\t<\/div>\n\t\t\t\t\t\t<\/div>\n\t\t\t\t\t<\/div>\n\t\t","protected":false},"excerpt":{"rendered":"<p>FORMACION &#8211; AULA VIRTUAL FORMACION EN LINEA \u00c1REAS DE DESEMPE\u00d1O EMPRESAS Una tendencia en las empresas es que se orientan cada vez m\u00e1s a la participaci\u00f3n, el liderazgo y la colaboraci\u00f3n entre sus miembros cuando coordinan sus procesos en la sociedad. La oferta considera los cambios que ocurren, mediante programas que son el centro en &hellip;<\/p>\n<p class=\"read-more\"> <a class=\"\" href=\"https:\/\/aytcoaching.com\/index.php\/empresas\/\"> <span class=\"screen-reader-text\">EMPRESAS<\/span> Leer m\u00e1s &raquo;<\/a><\/p>\n","protected":false},"author":2,"featured_media":0,"parent":0,"menu_order":0,"comment_status":"closed","ping_status":"closed","template":"","meta":[],"_links":{"self":[{"href":"https:\/\/aytcoaching.com\/index.php\/wp-json\/wp\/v2\/pages\/142"}],"collection":[{"href":"https:\/\/aytcoaching.com\/index.php\/wp-json\/wp\/v2\/pages"}],"about":[{"href":"https:\/\/aytcoaching.com\/index.php\/wp-json\/wp\/v2\/types\/page"}],"author":[{"embeddable":true,"href":"https:\/\/aytcoaching.com\/index.php\/wp-json\/wp\/v2\/users\/2"}],"replies":[{"embeddable":true,"href":"https:\/\/aytcoaching.com\/index.php\/wp-json\/wp\/v2\/comments?post=142"}],"version-history":[{"count":10,"href":"https:\/\/aytcoaching.com\/index.php\/wp-json\/wp\/v2\/pages\/142\/revisions"}],"predecessor-version":[{"id":3664,"href":"https:\/\/aytcoaching.com\/index.php\/wp-json\/wp\/v2\/pages\/142\/revisions\/3664"}],"wp:attachment":[{"href":"https:\/\/aytcoaching.com\/index.php\/wp-json\/wp\/v2\/media?parent=142"}],"curies":[{"name":"wp","href":"https:\/\/api.w.org\/{rel}","templated":true}]}}