{"id":144,"date":"2019-08-12T15:31:22","date_gmt":"2019-08-12T13:31:22","guid":{"rendered":"http:\/\/aytcoaching.com\/?page_id=144"},"modified":"2024-12-05T06:57:00","modified_gmt":"2024-12-05T09:57:00","slug":"gobierno","status":"publish","type":"page","link":"https:\/\/aytcoaching.com\/index.php\/gobierno\/","title":{"rendered":"GOBIERNO"},"content":{"rendered":"\t\t<div data-elementor-type=\"wp-post\" data-elementor-id=\"144\" class=\"elementor elementor-144\" data-elementor-settings=\"[]\">\n\t\t\t\t\t\t<div class=\"elementor-inner\">\n\t\t\t\t\t\t\t<div class=\"elementor-section-wrap\">\n\t\t\t\t\t\t\t<section class=\"elementor-section elementor-top-section elementor-element elementor-element-5409a90 elementor-section-boxed elementor-section-height-default elementor-section-height-default\" data-id=\"5409a90\" data-element_type=\"section\" data-settings=\"{&quot;background_background&quot;:&quot;classic&quot;}\">\n\t\t\t\t\t\t<div class=\"elementor-container elementor-column-gap-default\">\n\t\t\t\t\t\t\t<div class=\"elementor-row\">\n\t\t\t\t\t<div class=\"elementor-column elementor-col-33 elementor-top-column elementor-element elementor-element-6f3c293\" data-id=\"6f3c293\" data-element_type=\"column\">\n\t\t\t<div class=\"elementor-column-wrap elementor-element-populated\">\n\t\t\t\t\t\t\t<div class=\"elementor-widget-wrap\">\n\t\t\t\t\t\t<div class=\"elementor-element elementor-element-8bc2bb6 elementor-widget elementor-widget-html\" data-id=\"8bc2bb6\" data-element_type=\"widget\" data-widget_type=\"html.default\">\n\t\t\t\t<div class=\"elementor-widget-container\">\n\t\t\t<div align=\"center\">\r\n<a href=\"http:\/\/ayt-coaching.com.ar\/educacion\/login\/index.php\"><b><span style=\"color: #ffffff;\">FORMACION - AULA VIRTUAL<\/span><\/b><\/a>\r\n<\/div>\t\t<\/div>\n\t\t\t\t<\/div>\n\t\t\t\t\t\t<\/div>\n\t\t\t\t\t<\/div>\n\t\t<\/div>\n\t\t\t\t<div class=\"elementor-column elementor-col-33 elementor-top-column elementor-element elementor-element-08d57dd\" data-id=\"08d57dd\" data-element_type=\"column\">\n\t\t\t<div class=\"elementor-column-wrap elementor-element-populated\">\n\t\t\t\t\t\t\t<div class=\"elementor-widget-wrap\">\n\t\t\t\t\t\t<div class=\"elementor-element elementor-element-9d7b26e elementor-widget elementor-widget-html\" data-id=\"9d7b26e\" data-element_type=\"widget\" data-widget_type=\"html.default\">\n\t\t\t\t<div class=\"elementor-widget-container\">\n\t\t\t<div align=\"center\">\r\n<a href=\"https:\/\/formacion.aytcoaching.com\/\"><b><span style=\"color: #ffffff;\">FORMACION EN LINEA<\/span><\/b><\/a>\r\n<\/div>\t\t<\/div>\n\t\t\t\t<\/div>\n\t\t\t\t\t\t<\/div>\n\t\t\t\t\t<\/div>\n\t\t<\/div>\n\t\t\t\t<div class=\"elementor-column elementor-col-33 elementor-top-column elementor-element elementor-element-4ba89f9\" data-id=\"4ba89f9\" data-element_type=\"column\">\n\t\t\t<div class=\"elementor-column-wrap elementor-element-populated\">\n\t\t\t\t\t\t\t<div class=\"elementor-widget-wrap\">\n\t\t\t\t\t\t<div class=\"elementor-element elementor-element-53dfec2 elementor-widget elementor-widget-html\" data-id=\"53dfec2\" data-element_type=\"widget\" data-widget_type=\"html.default\">\n\t\t\t\t<div class=\"elementor-widget-container\">\n\t\t\t<div align=\"center\">\r\n<a href=\"https:\/\/www.facebook.com\/AyTCoachingOrganizacional\/\" target=\"blanck\">\r\n<img loading=\"lazy\" width=\"22\" height=\"22\" src=\"http:\/\/aytcoaching.com\/wp-content\/uploads\/2019\/08\/icono-facebook.jpg\" class=\"attachment-large size-large\" alt=\"facebook\" draggable=\"false\"><\/a>\r\n\r\n<a href=\"https:\/\/twitter.com\/AyTCoaching\">\r\n<img loading=\"lazy\" width=\"22\" height=\"22\" src=\"http:\/\/aytcoaching.com\/wp-content\/uploads\/2019\/08\/icono-twiter.jpg\" class=\"attachment-large size-large\" alt=\"twiter\" draggable=\"false\"><\/a>\r\n\r\n<a href=\"https:\/\/www.linkedin.com\/company\/ayt-coaching\" target=\"blanck\">\r\n<img loading=\"lazy\" width=\"22\" height=\"22\" src=\"http:\/\/aytcoaching.com\/wp-content\/uploads\/2019\/08\/icono-linkedin.jpg\" class=\"attachment-large size-large\" alt=\"linkedin\" draggable=\"false\"><\/a>\r\n\r\n<a href=\"https:\/\/www.instagram.com\/AyTCoachingOrganizacional\/\" target=\"blanck\">\r\n<img loading=\"lazy\" width=\"22\" height=\"22\" src=\"http:\/\/aytcoaching.com\/wp-content\/uploads\/2019\/08\/icono-instagram.jpg\" class=\"attachment-large size-large\" alt=\"instagram\" draggable=\"false\"><\/a>\r\n<\/div>\t\t<\/div>\n\t\t\t\t<\/div>\n\t\t\t\t\t\t<\/div>\n\t\t\t\t\t<\/div>\n\t\t<\/div>\n\t\t\t\t\t\t\t\t<\/div>\n\t\t\t\t\t<\/div>\n\t\t<\/section>\n\t\t\t\t<section class=\"elementor-section elementor-top-section elementor-element elementor-element-7c72e9fa elementor-section-boxed elementor-section-height-default elementor-section-height-default\" data-id=\"7c72e9fa\" data-element_type=\"section\">\n\t\t\t\t\t\t<div class=\"elementor-container elementor-column-gap-default\">\n\t\t\t\t\t\t\t<div class=\"elementor-row\">\n\t\t\t\t\t<div class=\"elementor-column elementor-col-100 elementor-top-column elementor-element elementor-element-7f0189bc\" data-id=\"7f0189bc\" data-element_type=\"column\">\n\t\t\t<div class=\"elementor-column-wrap elementor-element-populated\">\n\t\t\t\t\t\t\t<div class=\"elementor-widget-wrap\">\n\t\t\t\t\t\t<div class=\"elementor-element elementor-element-a087742 elementor-widget elementor-widget-text-editor\" data-id=\"a087742\" data-element_type=\"widget\" data-widget_type=\"text-editor.default\">\n\t\t\t\t<div class=\"elementor-widget-container\">\n\t\t\t\t\t\t\t\t<div class=\"elementor-text-editor elementor-clearfix\">\n\t\t\t\t<h3><strong>\u00c1REAS DE DESEMPE\u00d1O<\/strong><\/h3>\t\t\t\t\t<\/div>\n\t\t\t\t\t\t<\/div>\n\t\t\t\t<\/div>\n\t\t\t\t<div class=\"elementor-element elementor-element-3ca939e8 elementor-widget-divider--view-line elementor-widget elementor-widget-divider\" data-id=\"3ca939e8\" data-element_type=\"widget\" data-widget_type=\"divider.default\">\n\t\t\t\t<div class=\"elementor-widget-container\">\n\t\t\t\t\t<div class=\"elementor-divider\">\n\t\t\t<span class=\"elementor-divider-separator\">\n\t\t\t\t\t\t<\/span>\n\t\t<\/div>\n\t\t\t\t<\/div>\n\t\t\t\t<\/div>\n\t\t\t\t\t\t<\/div>\n\t\t\t\t\t<\/div>\n\t\t<\/div>\n\t\t\t\t\t\t\t\t<\/div>\n\t\t\t\t\t<\/div>\n\t\t<\/section>\n\t\t\t\t<section class=\"elementor-section elementor-top-section elementor-element elementor-element-6271316c elementor-section-boxed elementor-section-height-default elementor-section-height-default\" data-id=\"6271316c\" data-element_type=\"section\">\n\t\t\t\t\t\t<div class=\"elementor-container elementor-column-gap-default\">\n\t\t\t\t\t\t\t<div class=\"elementor-row\">\n\t\t\t\t\t<div class=\"elementor-column elementor-col-100 elementor-top-column elementor-element elementor-element-2260401\" data-id=\"2260401\" data-element_type=\"column\">\n\t\t\t<div class=\"elementor-column-wrap elementor-element-populated\">\n\t\t\t\t\t\t\t<div class=\"elementor-widget-wrap\">\n\t\t\t\t\t\t<section class=\"elementor-section elementor-inner-section elementor-element elementor-element-34815fea elementor-section-boxed elementor-section-height-default elementor-section-height-default\" data-id=\"34815fea\" data-element_type=\"section\">\n\t\t\t\t\t\t<div class=\"elementor-container elementor-column-gap-default\">\n\t\t\t\t\t\t\t<div class=\"elementor-row\">\n\t\t\t\t\t<div class=\"elementor-column elementor-col-50 elementor-inner-column elementor-element elementor-element-75a2c51f\" data-id=\"75a2c51f\" data-element_type=\"column\">\n\t\t\t<div class=\"elementor-column-wrap elementor-element-populated\">\n\t\t\t\t\t\t\t<div class=\"elementor-widget-wrap\">\n\t\t\t\t\t\t<div class=\"elementor-element elementor-element-971473f elementor-widget elementor-widget-image\" data-id=\"971473f\" data-element_type=\"widget\" data-widget_type=\"image.default\">\n\t\t\t\t<div class=\"elementor-widget-container\">\n\t\t\t\t\t\t\t\t<div class=\"elementor-image\">\n\t\t\t\t\t\t\t\t\t\t\t\t<img width=\"300\" height=\"300\" src=\"https:\/\/aytcoaching.com\/wp-content\/uploads\/2019\/09\/areas-gobierno.jpg\" class=\"attachment-large size-large\" alt=\"area gobierno\" loading=\"lazy\" srcset=\"https:\/\/aytcoaching.com\/wp-content\/uploads\/2019\/09\/areas-gobierno.jpg 300w, https:\/\/aytcoaching.com\/wp-content\/uploads\/2019\/09\/areas-gobierno-150x150.jpg 150w\" sizes=\"(max-width: 300px) 100vw, 300px\" \/>\t\t\t\t\t\t\t\t\t\t\t\t\t\t<\/div>\n\t\t\t\t\t\t<\/div>\n\t\t\t\t<\/div>\n\t\t\t\t\t\t<\/div>\n\t\t\t\t\t<\/div>\n\t\t<\/div>\n\t\t\t\t<div class=\"elementor-column elementor-col-50 elementor-inner-column elementor-element elementor-element-3901bd3d\" data-id=\"3901bd3d\" data-element_type=\"column\">\n\t\t\t<div class=\"elementor-column-wrap elementor-element-populated\">\n\t\t\t\t\t\t\t<div class=\"elementor-widget-wrap\">\n\t\t\t\t\t\t<div class=\"elementor-element elementor-element-2dfb78c elementor-widget elementor-widget-text-editor\" data-id=\"2dfb78c\" data-element_type=\"widget\" data-widget_type=\"text-editor.default\">\n\t\t\t\t<div class=\"elementor-widget-container\">\n\t\t\t\t\t\t\t\t<div class=\"elementor-text-editor elementor-clearfix\">\n\t\t\t\t<h5><strong>GOBIERNO<\/strong><\/h5><p>Diversas pr\u00e1cticas y capacitaciones dise\u00f1adas a medida de acuerdo a lo solicitado por diferentes \u00e1mbitos gubernamentales: gobiernos, municipios, empleados legislativos y judiciales. Coaching ejecutivo en diversas \u00e1reas.<\/p><p>Resultados de los clientes:<\/p><ul><li>integraci\u00f3n de equipos,<\/li><li>comunicaci\u00f3n efectiva con el p\u00fablico,<\/li><li>resultados acordes a la planificaci\u00f3n anual.<\/li><\/ul>\t\t\t\t\t<\/div>\n\t\t\t\t\t\t<\/div>\n\t\t\t\t<\/div>\n\t\t\t\t\t\t<\/div>\n\t\t\t\t\t<\/div>\n\t\t<\/div>\n\t\t\t\t\t\t\t\t<\/div>\n\t\t\t\t\t<\/div>\n\t\t<\/section>\n\t\t\t\t\t\t<\/div>\n\t\t\t\t\t<\/div>\n\t\t<\/div>\n\t\t\t\t\t\t\t\t<\/div>\n\t\t\t\t\t<\/div>\n\t\t<\/section>\n\t\t\t\t<section class=\"elementor-section elementor-top-section elementor-element elementor-element-4bf68388 elementor-section-boxed elementor-section-height-default elementor-section-height-default\" data-id=\"4bf68388\" data-element_type=\"section\">\n\t\t\t\t\t\t<div class=\"elementor-container elementor-column-gap-default\">\n\t\t\t\t\t\t\t<div class=\"elementor-row\">\n\t\t\t\t\t<div class=\"elementor-column elementor-col-100 elementor-top-column elementor-element elementor-element-47173a47\" data-id=\"47173a47\" data-element_type=\"column\">\n\t\t\t<div class=\"elementor-column-wrap elementor-element-populated\">\n\t\t\t\t\t\t\t<div class=\"elementor-widget-wrap\">\n\t\t\t\t\t\t<div class=\"elementor-element elementor-element-171f7b0e elementor-widget-divider--view-line elementor-widget elementor-widget-divider\" data-id=\"171f7b0e\" data-element_type=\"widget\" data-widget_type=\"divider.default\">\n\t\t\t\t<div class=\"elementor-widget-container\">\n\t\t\t\t\t<div class=\"elementor-divider\">\n\t\t\t<span class=\"elementor-divider-separator\">\n\t\t\t\t\t\t<\/span>\n\t\t<\/div>\n\t\t\t\t<\/div>\n\t\t\t\t<\/div>\n\t\t\t\t\t\t<\/div>\n\t\t\t\t\t<\/div>\n\t\t<\/div>\n\t\t\t\t\t\t\t\t<\/div>\n\t\t\t\t\t<\/div>\n\t\t<\/section>\n\t\t\t\t\t\t<\/div>\n\t\t\t\t\t\t<\/div>\n\t\t\t\t\t<\/div>\n\t\t","protected":false},"excerpt":{"rendered":"<p>FORMACION &#8211; AULA VIRTUAL FORMACION EN LINEA \u00c1REAS DE DESEMPE\u00d1O GOBIERNO Diversas pr\u00e1cticas y capacitaciones dise\u00f1adas a medida de acuerdo a lo solicitado por diferentes \u00e1mbitos gubernamentales: gobiernos, municipios, empleados legislativos y judiciales. Coaching ejecutivo en diversas \u00e1reas. Resultados de los clientes: integraci\u00f3n de equipos, comunicaci\u00f3n efectiva con el p\u00fablico, resultados acordes a la planificaci\u00f3n &hellip;<\/p>\n<p class=\"read-more\"> <a class=\"\" href=\"https:\/\/aytcoaching.com\/index.php\/gobierno\/\"> <span class=\"screen-reader-text\">GOBIERNO<\/span> Leer m\u00e1s &raquo;<\/a><\/p>\n","protected":false},"author":2,"featured_media":0,"parent":0,"menu_order":0,"comment_status":"closed","ping_status":"closed","template":"","meta":[],"_links":{"self":[{"href":"https:\/\/aytcoaching.com\/index.php\/wp-json\/wp\/v2\/pages\/144"}],"collection":[{"href":"https:\/\/aytcoaching.com\/index.php\/wp-json\/wp\/v2\/pages"}],"about":[{"href":"https:\/\/aytcoaching.com\/index.php\/wp-json\/wp\/v2\/types\/page"}],"author":[{"embeddable":true,"href":"https:\/\/aytcoaching.com\/index.php\/wp-json\/wp\/v2\/users\/2"}],"replies":[{"embeddable":true,"href":"https:\/\/aytcoaching.com\/index.php\/wp-json\/wp\/v2\/comments?post=144"}],"version-history":[{"count":10,"href":"https:\/\/aytcoaching.com\/index.php\/wp-json\/wp\/v2\/pages\/144\/revisions"}],"predecessor-version":[{"id":3696,"href":"https:\/\/aytcoaching.com\/index.php\/wp-json\/wp\/v2\/pages\/144\/revisions\/3696"}],"wp:attachment":[{"href":"https:\/\/aytcoaching.com\/index.php\/wp-json\/wp\/v2\/media?parent=144"}],"curies":[{"name":"wp","href":"https:\/\/api.w.org\/{rel}","templated":true}]}}