{"id":150,"date":"2019-08-12T15:32:45","date_gmt":"2019-08-12T13:32:45","guid":{"rendered":"http:\/\/aytcoaching.com\/?page_id=150"},"modified":"2024-12-04T00:09:51","modified_gmt":"2024-12-04T03:09:51","slug":"educacion","status":"publish","type":"page","link":"https:\/\/aytcoaching.com\/index.php\/educacion\/","title":{"rendered":"EDUCACION"},"content":{"rendered":"\t\t<div data-elementor-type=\"wp-post\" data-elementor-id=\"150\" class=\"elementor elementor-150\" data-elementor-settings=\"[]\">\n\t\t\t\t\t\t<div class=\"elementor-inner\">\n\t\t\t\t\t\t\t<div class=\"elementor-section-wrap\">\n\t\t\t\t\t\t\t<section class=\"elementor-section elementor-top-section elementor-element elementor-element-96b8c30 elementor-section-boxed elementor-section-height-default elementor-section-height-default\" data-id=\"96b8c30\" data-element_type=\"section\" data-settings=\"{&quot;background_background&quot;:&quot;classic&quot;}\">\n\t\t\t\t\t\t<div class=\"elementor-container elementor-column-gap-default\">\n\t\t\t\t\t\t\t<div class=\"elementor-row\">\n\t\t\t\t\t<div class=\"elementor-column elementor-col-33 elementor-top-column elementor-element elementor-element-ab3be37\" data-id=\"ab3be37\" data-element_type=\"column\">\n\t\t\t<div class=\"elementor-column-wrap elementor-element-populated\">\n\t\t\t\t\t\t\t<div class=\"elementor-widget-wrap\">\n\t\t\t\t\t\t<div class=\"elementor-element elementor-element-44b45ef elementor-widget elementor-widget-html\" data-id=\"44b45ef\" data-element_type=\"widget\" data-widget_type=\"html.default\">\n\t\t\t\t<div class=\"elementor-widget-container\">\n\t\t\t<div align=\"center\">\r\n<a href=\"http:\/\/ayt-coaching.com.ar\/educacion\/login\/index.php\"><b><span style=\"color: #ffffff;\">FORMACION  - AULA VIRTUAL<\/span><\/b><\/a>\r\n<\/div>\t\t<\/div>\n\t\t\t\t<\/div>\n\t\t\t\t\t\t<\/div>\n\t\t\t\t\t<\/div>\n\t\t<\/div>\n\t\t\t\t<div class=\"elementor-column elementor-col-33 elementor-top-column elementor-element elementor-element-dd993c6\" data-id=\"dd993c6\" data-element_type=\"column\">\n\t\t\t<div class=\"elementor-column-wrap elementor-element-populated\">\n\t\t\t\t\t\t\t<div class=\"elementor-widget-wrap\">\n\t\t\t\t\t\t<div class=\"elementor-element elementor-element-86da0f5 elementor-widget elementor-widget-html\" data-id=\"86da0f5\" data-element_type=\"widget\" data-widget_type=\"html.default\">\n\t\t\t\t<div class=\"elementor-widget-container\">\n\t\t\t<div align=\"center\">\r\n<a href=\"https:\/\/curso.aytcoaching.com\/\"><b><span style=\"color: #ffffff;\">FORMACION EN LINEA<\/span><\/b><\/a>\r\n<\/div>\t\t<\/div>\n\t\t\t\t<\/div>\n\t\t\t\t\t\t<\/div>\n\t\t\t\t\t<\/div>\n\t\t<\/div>\n\t\t\t\t<div class=\"elementor-column elementor-col-33 elementor-top-column elementor-element elementor-element-9c78520\" data-id=\"9c78520\" data-element_type=\"column\">\n\t\t\t<div class=\"elementor-column-wrap elementor-element-populated\">\n\t\t\t\t\t\t\t<div class=\"elementor-widget-wrap\">\n\t\t\t\t\t\t<div class=\"elementor-element elementor-element-1ee0e0b elementor-widget elementor-widget-html\" data-id=\"1ee0e0b\" data-element_type=\"widget\" data-widget_type=\"html.default\">\n\t\t\t\t<div class=\"elementor-widget-container\">\n\t\t\t<div align=\"center\">\r\n<a href=\"https:\/\/www.facebook.com\/AyTCoachingOrganizacional\/\" target=\"blanck\">\r\n<img loading=\"lazy\" width=\"22\" height=\"22\" src=\"http:\/\/aytcoaching.com\/wp-content\/uploads\/2019\/08\/icono-facebook.jpg\" class=\"attachment-large size-large\" alt=\"facebook\" draggable=\"false\"><\/a>\r\n\r\n<a href=\"https:\/\/twitter.com\/AyTCoaching\">\r\n<img loading=\"lazy\" width=\"22\" height=\"22\" src=\"http:\/\/aytcoaching.com\/wp-content\/uploads\/2019\/08\/icono-twiter.jpg\" class=\"attachment-large size-large\" alt=\"twiter\" draggable=\"false\"><\/a>\r\n\r\n<a href=\"https:\/\/www.linkedin.com\/company\/ayt-coaching\" target=\"blanck\">\r\n<img loading=\"lazy\" width=\"22\" height=\"22\" src=\"http:\/\/aytcoaching.com\/wp-content\/uploads\/2019\/08\/icono-linkedin.jpg\" class=\"attachment-large size-large\" alt=\"linkedin\" draggable=\"false\"><\/a>\r\n\r\n<a href=\"https:\/\/www.instagram.com\/AyTCoachingOrganizacional\/\" target=\"blanck\">\r\n<img loading=\"lazy\" width=\"22\" height=\"22\" src=\"http:\/\/aytcoaching.com\/wp-content\/uploads\/2019\/08\/icono-instagram.jpg\" class=\"attachment-large size-large\" alt=\"instagram\" draggable=\"false\"><\/a>\r\n<\/div>\t\t<\/div>\n\t\t\t\t<\/div>\n\t\t\t\t\t\t<\/div>\n\t\t\t\t\t<\/div>\n\t\t<\/div>\n\t\t\t\t\t\t\t\t<\/div>\n\t\t\t\t\t<\/div>\n\t\t<\/section>\n\t\t\t\t<section class=\"elementor-section elementor-top-section elementor-element elementor-element-75a8c7eb elementor-section-boxed elementor-section-height-default elementor-section-height-default\" data-id=\"75a8c7eb\" data-element_type=\"section\">\n\t\t\t\t\t\t<div class=\"elementor-container elementor-column-gap-default\">\n\t\t\t\t\t\t\t<div class=\"elementor-row\">\n\t\t\t\t\t<div class=\"elementor-column elementor-col-100 elementor-top-column elementor-element elementor-element-13b1605\" data-id=\"13b1605\" data-element_type=\"column\">\n\t\t\t<div class=\"elementor-column-wrap elementor-element-populated\">\n\t\t\t\t\t\t\t<div class=\"elementor-widget-wrap\">\n\t\t\t\t\t\t<div class=\"elementor-element elementor-element-be3ca48 elementor-widget elementor-widget-text-editor\" data-id=\"be3ca48\" data-element_type=\"widget\" data-widget_type=\"text-editor.default\">\n\t\t\t\t<div class=\"elementor-widget-container\">\n\t\t\t\t\t\t\t\t<div class=\"elementor-text-editor elementor-clearfix\">\n\t\t\t\t<h3><strong>\u00c1REAS DE DESEMPE\u00d1O<\/strong><\/h3>\t\t\t\t\t<\/div>\n\t\t\t\t\t\t<\/div>\n\t\t\t\t<\/div>\n\t\t\t\t<div class=\"elementor-element elementor-element-1bd76aa7 elementor-widget-divider--view-line elementor-widget elementor-widget-divider\" data-id=\"1bd76aa7\" data-element_type=\"widget\" data-widget_type=\"divider.default\">\n\t\t\t\t<div class=\"elementor-widget-container\">\n\t\t\t\t\t<div class=\"elementor-divider\">\n\t\t\t<span class=\"elementor-divider-separator\">\n\t\t\t\t\t\t<\/span>\n\t\t<\/div>\n\t\t\t\t<\/div>\n\t\t\t\t<\/div>\n\t\t\t\t\t\t<\/div>\n\t\t\t\t\t<\/div>\n\t\t<\/div>\n\t\t\t\t\t\t\t\t<\/div>\n\t\t\t\t\t<\/div>\n\t\t<\/section>\n\t\t\t\t<section class=\"elementor-section elementor-top-section elementor-element elementor-element-51982793 elementor-section-boxed elementor-section-height-default elementor-section-height-default\" data-id=\"51982793\" data-element_type=\"section\">\n\t\t\t\t\t\t<div class=\"elementor-container elementor-column-gap-default\">\n\t\t\t\t\t\t\t<div class=\"elementor-row\">\n\t\t\t\t\t<div class=\"elementor-column elementor-col-100 elementor-top-column elementor-element elementor-element-3c7d8085\" data-id=\"3c7d8085\" data-element_type=\"column\">\n\t\t\t<div class=\"elementor-column-wrap elementor-element-populated\">\n\t\t\t\t\t\t\t<div class=\"elementor-widget-wrap\">\n\t\t\t\t\t\t<section class=\"elementor-section elementor-inner-section elementor-element elementor-element-46f403eb elementor-section-boxed elementor-section-height-default elementor-section-height-default\" data-id=\"46f403eb\" data-element_type=\"section\">\n\t\t\t\t\t\t<div class=\"elementor-container elementor-column-gap-default\">\n\t\t\t\t\t\t\t<div class=\"elementor-row\">\n\t\t\t\t\t<div class=\"elementor-column elementor-col-50 elementor-inner-column elementor-element elementor-element-6dc9b475\" data-id=\"6dc9b475\" data-element_type=\"column\">\n\t\t\t<div class=\"elementor-column-wrap elementor-element-populated\">\n\t\t\t\t\t\t\t<div class=\"elementor-widget-wrap\">\n\t\t\t\t\t\t<div class=\"elementor-element elementor-element-7926ae9 elementor-widget elementor-widget-image\" data-id=\"7926ae9\" data-element_type=\"widget\" data-widget_type=\"image.default\">\n\t\t\t\t<div class=\"elementor-widget-container\">\n\t\t\t\t\t\t\t\t<div class=\"elementor-image\">\n\t\t\t\t\t\t\t\t\t\t\t\t<img width=\"300\" height=\"300\" src=\"https:\/\/aytcoaching.com\/wp-content\/uploads\/2019\/09\/areas-educacion.jpg\" class=\"attachment-large size-large\" alt=\"area educacion\" loading=\"lazy\" srcset=\"https:\/\/aytcoaching.com\/wp-content\/uploads\/2019\/09\/areas-educacion.jpg 300w, https:\/\/aytcoaching.com\/wp-content\/uploads\/2019\/09\/areas-educacion-150x150.jpg 150w\" sizes=\"(max-width: 300px) 100vw, 300px\" \/>\t\t\t\t\t\t\t\t\t\t\t\t\t\t<\/div>\n\t\t\t\t\t\t<\/div>\n\t\t\t\t<\/div>\n\t\t\t\t\t\t<\/div>\n\t\t\t\t\t<\/div>\n\t\t<\/div>\n\t\t\t\t<div class=\"elementor-column elementor-col-50 elementor-inner-column elementor-element elementor-element-5923d213\" data-id=\"5923d213\" data-element_type=\"column\">\n\t\t\t<div class=\"elementor-column-wrap elementor-element-populated\">\n\t\t\t\t\t\t\t<div class=\"elementor-widget-wrap\">\n\t\t\t\t\t\t<div class=\"elementor-element elementor-element-b3bcd08 elementor-widget elementor-widget-text-editor\" data-id=\"b3bcd08\" data-element_type=\"widget\" data-widget_type=\"text-editor.default\">\n\t\t\t\t<div class=\"elementor-widget-container\">\n\t\t\t\t\t\t\t\t<div class=\"elementor-text-editor elementor-clearfix\">\n\t\t\t\t<h5><strong>EDUCACI\u00d3N<\/strong><\/h5><p>Intervenci\u00f3n en Equipos de Funcionarios, de Directivos, de administrativos, de docentes de diversos niveles, aporta herramientas que facilitan el cambio de paradigma promoviendo los espacios de investigaci\u00f3n, creatividad y aprendizajes adaptados a los interesas de los alumnos.<\/p><p>Los participantes consiguieron:<\/p><ul><li>comunicarse mejor con alumnos y entre docentes;<\/li><li>reflexionar sobre su planificaci\u00f3n, y adoptar otros procesos metodol\u00f3gicos;<\/li><li>resultados excelentes en los procesos de aprendizaje.<\/li><\/ul>\t\t\t\t\t<\/div>\n\t\t\t\t\t\t<\/div>\n\t\t\t\t<\/div>\n\t\t\t\t\t\t<\/div>\n\t\t\t\t\t<\/div>\n\t\t<\/div>\n\t\t\t\t\t\t\t\t<\/div>\n\t\t\t\t\t<\/div>\n\t\t<\/section>\n\t\t\t\t\t\t<\/div>\n\t\t\t\t\t<\/div>\n\t\t<\/div>\n\t\t\t\t\t\t\t\t<\/div>\n\t\t\t\t\t<\/div>\n\t\t<\/section>\n\t\t\t\t<section class=\"elementor-section elementor-top-section elementor-element elementor-element-2217f3ab elementor-section-boxed elementor-section-height-default elementor-section-height-default\" data-id=\"2217f3ab\" data-element_type=\"section\">\n\t\t\t\t\t\t<div class=\"elementor-container elementor-column-gap-default\">\n\t\t\t\t\t\t\t<div class=\"elementor-row\">\n\t\t\t\t\t<div class=\"elementor-column elementor-col-100 elementor-top-column elementor-element elementor-element-9725df2\" data-id=\"9725df2\" data-element_type=\"column\">\n\t\t\t<div class=\"elementor-column-wrap elementor-element-populated\">\n\t\t\t\t\t\t\t<div class=\"elementor-widget-wrap\">\n\t\t\t\t\t\t<div class=\"elementor-element elementor-element-71a94aef elementor-widget-divider--view-line elementor-widget elementor-widget-divider\" data-id=\"71a94aef\" data-element_type=\"widget\" data-widget_type=\"divider.default\">\n\t\t\t\t<div class=\"elementor-widget-container\">\n\t\t\t\t\t<div class=\"elementor-divider\">\n\t\t\t<span class=\"elementor-divider-separator\">\n\t\t\t\t\t\t<\/span>\n\t\t<\/div>\n\t\t\t\t<\/div>\n\t\t\t\t<\/div>\n\t\t\t\t\t\t<\/div>\n\t\t\t\t\t<\/div>\n\t\t<\/div>\n\t\t\t\t\t\t\t\t<\/div>\n\t\t\t\t\t<\/div>\n\t\t<\/section>\n\t\t\t\t\t\t<\/div>\n\t\t\t\t\t\t<\/div>\n\t\t\t\t\t<\/div>\n\t\t","protected":false},"excerpt":{"rendered":"<p>FORMACION &#8211; AULA VIRTUAL FORMACION EN LINEA \u00c1REAS DE DESEMPE\u00d1O EDUCACI\u00d3N Intervenci\u00f3n en Equipos de Funcionarios, de Directivos, de administrativos, de docentes de diversos niveles, aporta herramientas que facilitan el cambio de paradigma promoviendo los espacios de investigaci\u00f3n, creatividad y aprendizajes adaptados a los interesas de los alumnos. Los participantes consiguieron: comunicarse mejor con alumnos &hellip;<\/p>\n<p class=\"read-more\"> <a class=\"\" href=\"https:\/\/aytcoaching.com\/index.php\/educacion\/\"> <span class=\"screen-reader-text\">EDUCACION<\/span> Leer m\u00e1s &raquo;<\/a><\/p>\n","protected":false},"author":2,"featured_media":0,"parent":0,"menu_order":0,"comment_status":"closed","ping_status":"closed","template":"","meta":[],"_links":{"self":[{"href":"https:\/\/aytcoaching.com\/index.php\/wp-json\/wp\/v2\/pages\/150"}],"collection":[{"href":"https:\/\/aytcoaching.com\/index.php\/wp-json\/wp\/v2\/pages"}],"about":[{"href":"https:\/\/aytcoaching.com\/index.php\/wp-json\/wp\/v2\/types\/page"}],"author":[{"embeddable":true,"href":"https:\/\/aytcoaching.com\/index.php\/wp-json\/wp\/v2\/users\/2"}],"replies":[{"embeddable":true,"href":"https:\/\/aytcoaching.com\/index.php\/wp-json\/wp\/v2\/comments?post=150"}],"version-history":[{"count":10,"href":"https:\/\/aytcoaching.com\/index.php\/wp-json\/wp\/v2\/pages\/150\/revisions"}],"predecessor-version":[{"id":3660,"href":"https:\/\/aytcoaching.com\/index.php\/wp-json\/wp\/v2\/pages\/150\/revisions\/3660"}],"wp:attachment":[{"href":"https:\/\/aytcoaching.com\/index.php\/wp-json\/wp\/v2\/media?parent=150"}],"curies":[{"name":"wp","href":"https:\/\/api.w.org\/{rel}","templated":true}]}}