{"id":156,"date":"2019-08-12T15:34:14","date_gmt":"2019-08-12T13:34:14","guid":{"rendered":"http:\/\/aytcoaching.com\/?page_id=156"},"modified":"2024-12-04T00:14:57","modified_gmt":"2024-12-04T03:14:57","slug":"finanzas","status":"publish","type":"page","link":"https:\/\/aytcoaching.com\/index.php\/finanzas\/","title":{"rendered":"FINANZAS"},"content":{"rendered":"\t\t<div data-elementor-type=\"wp-post\" data-elementor-id=\"156\" class=\"elementor elementor-156\" data-elementor-settings=\"[]\">\n\t\t\t\t\t\t<div class=\"elementor-inner\">\n\t\t\t\t\t\t\t<div class=\"elementor-section-wrap\">\n\t\t\t\t\t\t\t<section class=\"elementor-section elementor-top-section elementor-element elementor-element-90c41c3 elementor-section-boxed elementor-section-height-default elementor-section-height-default\" data-id=\"90c41c3\" data-element_type=\"section\" data-settings=\"{&quot;background_background&quot;:&quot;classic&quot;}\">\n\t\t\t\t\t\t<div class=\"elementor-container elementor-column-gap-default\">\n\t\t\t\t\t\t\t<div class=\"elementor-row\">\n\t\t\t\t\t<div class=\"elementor-column elementor-col-33 elementor-top-column elementor-element elementor-element-7be9930\" data-id=\"7be9930\" data-element_type=\"column\">\n\t\t\t<div class=\"elementor-column-wrap elementor-element-populated\">\n\t\t\t\t\t\t\t<div class=\"elementor-widget-wrap\">\n\t\t\t\t\t\t<div class=\"elementor-element elementor-element-f79e2c3 elementor-widget elementor-widget-html\" data-id=\"f79e2c3\" data-element_type=\"widget\" data-widget_type=\"html.default\">\n\t\t\t\t<div class=\"elementor-widget-container\">\n\t\t\t<div align=\"center\">\r\n<a href=\"http:\/\/ayt-coaching.com.ar\/educacion\/login\/index.php\"><b><span style=\"color: #ffffff;\">FORMACION - AULA VIRTUAL<\/span><\/b><\/a>\r\n<\/div>\t\t<\/div>\n\t\t\t\t<\/div>\n\t\t\t\t\t\t<\/div>\n\t\t\t\t\t<\/div>\n\t\t<\/div>\n\t\t\t\t<div class=\"elementor-column elementor-col-33 elementor-top-column elementor-element elementor-element-57502fb\" data-id=\"57502fb\" data-element_type=\"column\">\n\t\t\t<div class=\"elementor-column-wrap elementor-element-populated\">\n\t\t\t\t\t\t\t<div class=\"elementor-widget-wrap\">\n\t\t\t\t\t\t<div class=\"elementor-element elementor-element-ffe0538 elementor-widget elementor-widget-html\" data-id=\"ffe0538\" data-element_type=\"widget\" data-widget_type=\"html.default\">\n\t\t\t\t<div class=\"elementor-widget-container\">\n\t\t\t<div align=\"center\">\r\n<a href=\"https:\/\/formacion.aytcoaching.com\/\"><b><span style=\"color: #ffffff;\">FORMACION EN LINEA<\/span><\/b><\/a>\r\n<\/div>\t\t<\/div>\n\t\t\t\t<\/div>\n\t\t\t\t\t\t<\/div>\n\t\t\t\t\t<\/div>\n\t\t<\/div>\n\t\t\t\t<div class=\"elementor-column elementor-col-33 elementor-top-column elementor-element elementor-element-1f58e97\" data-id=\"1f58e97\" data-element_type=\"column\">\n\t\t\t<div class=\"elementor-column-wrap elementor-element-populated\">\n\t\t\t\t\t\t\t<div class=\"elementor-widget-wrap\">\n\t\t\t\t\t\t<div class=\"elementor-element elementor-element-e56e215 elementor-widget elementor-widget-html\" data-id=\"e56e215\" data-element_type=\"widget\" data-widget_type=\"html.default\">\n\t\t\t\t<div class=\"elementor-widget-container\">\n\t\t\t<div align=\"center\">\r\n<a href=\"https:\/\/www.facebook.com\/AyTCoachingOrganizacional\/\" target=\"blanck\">\r\n<img loading=\"lazy\" width=\"22\" height=\"22\" src=\"http:\/\/aytcoaching.com\/wp-content\/uploads\/2019\/08\/icono-facebook.jpg\" class=\"attachment-large size-large\" alt=\"facebook\" draggable=\"false\"><\/a>\r\n\r\n<a href=\"https:\/\/twitter.com\/AyTCoaching\">\r\n<img loading=\"lazy\" width=\"22\" height=\"22\" src=\"http:\/\/aytcoaching.com\/wp-content\/uploads\/2019\/08\/icono-twiter.jpg\" class=\"attachment-large size-large\" alt=\"twiter\" draggable=\"false\"><\/a>\r\n\r\n<a href=\"https:\/\/www.linkedin.com\/company\/ayt-coaching\" target=\"blanck\">\r\n<img loading=\"lazy\" width=\"22\" height=\"22\" src=\"http:\/\/aytcoaching.com\/wp-content\/uploads\/2019\/08\/icono-linkedin.jpg\" class=\"attachment-large size-large\" alt=\"linkedin\" draggable=\"false\"><\/a>\r\n\r\n<a href=\"https:\/\/www.instagram.com\/AyTCoachingOrganizacional\/\" target=\"blanck\">\r\n<img loading=\"lazy\" width=\"22\" height=\"22\" src=\"http:\/\/aytcoaching.com\/wp-content\/uploads\/2019\/08\/icono-instagram.jpg\" class=\"attachment-large size-large\" alt=\"instagram\" draggable=\"false\"><\/a>\r\n<\/div>\t\t<\/div>\n\t\t\t\t<\/div>\n\t\t\t\t\t\t<\/div>\n\t\t\t\t\t<\/div>\n\t\t<\/div>\n\t\t\t\t\t\t\t\t<\/div>\n\t\t\t\t\t<\/div>\n\t\t<\/section>\n\t\t\t\t<section class=\"elementor-section elementor-top-section elementor-element elementor-element-4d33aed0 elementor-section-boxed elementor-section-height-default elementor-section-height-default\" data-id=\"4d33aed0\" data-element_type=\"section\">\n\t\t\t\t\t\t<div class=\"elementor-container elementor-column-gap-default\">\n\t\t\t\t\t\t\t<div class=\"elementor-row\">\n\t\t\t\t\t<div class=\"elementor-column elementor-col-100 elementor-top-column elementor-element elementor-element-40cb85\" data-id=\"40cb85\" data-element_type=\"column\">\n\t\t\t<div class=\"elementor-column-wrap elementor-element-populated\">\n\t\t\t\t\t\t\t<div class=\"elementor-widget-wrap\">\n\t\t\t\t\t\t<div class=\"elementor-element elementor-element-679e611 elementor-widget elementor-widget-text-editor\" data-id=\"679e611\" data-element_type=\"widget\" data-widget_type=\"text-editor.default\">\n\t\t\t\t<div class=\"elementor-widget-container\">\n\t\t\t\t\t\t\t\t<div class=\"elementor-text-editor elementor-clearfix\">\n\t\t\t\t<h3><strong>\u00c1REAS DE DESEMPE\u00d1O<\/strong><\/h3>\t\t\t\t\t<\/div>\n\t\t\t\t\t\t<\/div>\n\t\t\t\t<\/div>\n\t\t\t\t<div class=\"elementor-element elementor-element-196ecf2 elementor-widget-divider--view-line elementor-widget elementor-widget-divider\" data-id=\"196ecf2\" data-element_type=\"widget\" data-widget_type=\"divider.default\">\n\t\t\t\t<div class=\"elementor-widget-container\">\n\t\t\t\t\t<div class=\"elementor-divider\">\n\t\t\t<span class=\"elementor-divider-separator\">\n\t\t\t\t\t\t<\/span>\n\t\t<\/div>\n\t\t\t\t<\/div>\n\t\t\t\t<\/div>\n\t\t\t\t\t\t<\/div>\n\t\t\t\t\t<\/div>\n\t\t<\/div>\n\t\t\t\t\t\t\t\t<\/div>\n\t\t\t\t\t<\/div>\n\t\t<\/section>\n\t\t\t\t<section class=\"elementor-section elementor-top-section elementor-element elementor-element-3d248211 elementor-section-boxed elementor-section-height-default elementor-section-height-default\" data-id=\"3d248211\" data-element_type=\"section\">\n\t\t\t\t\t\t<div class=\"elementor-container elementor-column-gap-default\">\n\t\t\t\t\t\t\t<div class=\"elementor-row\">\n\t\t\t\t\t<div class=\"elementor-column elementor-col-100 elementor-top-column elementor-element elementor-element-78693428\" data-id=\"78693428\" data-element_type=\"column\">\n\t\t\t<div class=\"elementor-column-wrap elementor-element-populated\">\n\t\t\t\t\t\t\t<div class=\"elementor-widget-wrap\">\n\t\t\t\t\t\t<section class=\"elementor-section elementor-inner-section elementor-element elementor-element-6c0fe151 elementor-section-boxed elementor-section-height-default elementor-section-height-default\" data-id=\"6c0fe151\" data-element_type=\"section\">\n\t\t\t\t\t\t<div class=\"elementor-container elementor-column-gap-default\">\n\t\t\t\t\t\t\t<div class=\"elementor-row\">\n\t\t\t\t\t<div class=\"elementor-column elementor-col-50 elementor-inner-column elementor-element elementor-element-7c4b08c4\" data-id=\"7c4b08c4\" data-element_type=\"column\">\n\t\t\t<div class=\"elementor-column-wrap elementor-element-populated\">\n\t\t\t\t\t\t\t<div class=\"elementor-widget-wrap\">\n\t\t\t\t\t\t<div class=\"elementor-element elementor-element-e3858f0 elementor-widget elementor-widget-image\" data-id=\"e3858f0\" data-element_type=\"widget\" data-widget_type=\"image.default\">\n\t\t\t\t<div class=\"elementor-widget-container\">\n\t\t\t\t\t\t\t\t<div class=\"elementor-image\">\n\t\t\t\t\t\t\t\t\t\t\t\t<img width=\"300\" height=\"300\" src=\"https:\/\/aytcoaching.com\/wp-content\/uploads\/2019\/09\/areas-finanzas.jpg\" class=\"attachment-large size-large\" alt=\"area finanzas\" loading=\"lazy\" srcset=\"https:\/\/aytcoaching.com\/wp-content\/uploads\/2019\/09\/areas-finanzas.jpg 300w, https:\/\/aytcoaching.com\/wp-content\/uploads\/2019\/09\/areas-finanzas-150x150.jpg 150w\" sizes=\"(max-width: 300px) 100vw, 300px\" \/>\t\t\t\t\t\t\t\t\t\t\t\t\t\t<\/div>\n\t\t\t\t\t\t<\/div>\n\t\t\t\t<\/div>\n\t\t\t\t\t\t<\/div>\n\t\t\t\t\t<\/div>\n\t\t<\/div>\n\t\t\t\t<div class=\"elementor-column elementor-col-50 elementor-inner-column elementor-element elementor-element-79dd6ee0\" data-id=\"79dd6ee0\" data-element_type=\"column\">\n\t\t\t<div class=\"elementor-column-wrap elementor-element-populated\">\n\t\t\t\t\t\t\t<div class=\"elementor-widget-wrap\">\n\t\t\t\t\t\t<div class=\"elementor-element elementor-element-d3ff591 elementor-widget elementor-widget-text-editor\" data-id=\"d3ff591\" data-element_type=\"widget\" data-widget_type=\"text-editor.default\">\n\t\t\t\t<div class=\"elementor-widget-container\">\n\t\t\t\t\t\t\t\t<div class=\"elementor-text-editor elementor-clearfix\">\n\t\t\t\t<h5><strong>FINANZAS<\/strong><\/h5><p>Aplicar Coaching en el \u00e1rea de las finanzas personales u organizacionales es trabajar en:<\/p><ul><li>Desarrollar acuerdos y compromisos que optimizan la toma de decisiones rentables.<\/li><li>Distinguir ingresos obtenidos activa o pasivamente, as\u00ed como obtenidos por el trabajo personal<\/li><li>Desarrollar una relaci\u00f3n fluida y confiada en presupuestar, fijar indicadores de medici\u00f3n y evaluar utilidades y rentabilidad.<\/li><\/ul><p>Los clientes reportan:<\/p><ul><li>an\u00e1lisis efectivo de riesgos y oportunidades;<\/li><li>fijaci\u00f3n clara de par\u00e1metros de \u00e9xito, entre otros aprendizajes.<\/li><\/ul>\t\t\t\t\t<\/div>\n\t\t\t\t\t\t<\/div>\n\t\t\t\t<\/div>\n\t\t\t\t\t\t<\/div>\n\t\t\t\t\t<\/div>\n\t\t<\/div>\n\t\t\t\t\t\t\t\t<\/div>\n\t\t\t\t\t<\/div>\n\t\t<\/section>\n\t\t\t\t\t\t<\/div>\n\t\t\t\t\t<\/div>\n\t\t<\/div>\n\t\t\t\t\t\t\t\t<\/div>\n\t\t\t\t\t<\/div>\n\t\t<\/section>\n\t\t\t\t<section class=\"elementor-section elementor-top-section elementor-element elementor-element-329a028d elementor-section-boxed elementor-section-height-default elementor-section-height-default\" data-id=\"329a028d\" data-element_type=\"section\">\n\t\t\t\t\t\t<div class=\"elementor-container elementor-column-gap-default\">\n\t\t\t\t\t\t\t<div class=\"elementor-row\">\n\t\t\t\t\t<div class=\"elementor-column elementor-col-100 elementor-top-column elementor-element elementor-element-31e17588\" data-id=\"31e17588\" data-element_type=\"column\">\n\t\t\t<div class=\"elementor-column-wrap elementor-element-populated\">\n\t\t\t\t\t\t\t<div class=\"elementor-widget-wrap\">\n\t\t\t\t\t\t<div class=\"elementor-element elementor-element-103d1ced elementor-widget-divider--view-line elementor-widget elementor-widget-divider\" data-id=\"103d1ced\" data-element_type=\"widget\" data-widget_type=\"divider.default\">\n\t\t\t\t<div class=\"elementor-widget-container\">\n\t\t\t\t\t<div class=\"elementor-divider\">\n\t\t\t<span class=\"elementor-divider-separator\">\n\t\t\t\t\t\t<\/span>\n\t\t<\/div>\n\t\t\t\t<\/div>\n\t\t\t\t<\/div>\n\t\t\t\t\t\t<\/div>\n\t\t\t\t\t<\/div>\n\t\t<\/div>\n\t\t\t\t\t\t\t\t<\/div>\n\t\t\t\t\t<\/div>\n\t\t<\/section>\n\t\t\t\t\t\t<\/div>\n\t\t\t\t\t\t<\/div>\n\t\t\t\t\t<\/div>\n\t\t","protected":false},"excerpt":{"rendered":"<p>FORMACION SEMI PRESENCIAL (Aula Virtual) FORMACION EN LINEA \u00c1REAS DE DESEMPE\u00d1O FINANZAS Aplicar Coaching en el \u00e1rea de las finanzas personales u organizacionales es trabajar en: Desarrollar acuerdos y compromisos que optimizan la toma de decisiones rentables. Distinguir ingresos obtenidos activa o pasivamente, as\u00ed como obtenidos por el trabajo personal Desarrollar una relaci\u00f3n fluida y &hellip;<\/p>\n<p class=\"read-more\"> <a class=\"\" href=\"https:\/\/aytcoaching.com\/index.php\/finanzas\/\"> <span class=\"screen-reader-text\">FINANZAS<\/span> Leer m\u00e1s &raquo;<\/a><\/p>\n","protected":false},"author":2,"featured_media":0,"parent":0,"menu_order":0,"comment_status":"closed","ping_status":"closed","template":"","meta":[],"_links":{"self":[{"href":"https:\/\/aytcoaching.com\/index.php\/wp-json\/wp\/v2\/pages\/156"}],"collection":[{"href":"https:\/\/aytcoaching.com\/index.php\/wp-json\/wp\/v2\/pages"}],"about":[{"href":"https:\/\/aytcoaching.com\/index.php\/wp-json\/wp\/v2\/types\/page"}],"author":[{"embeddable":true,"href":"https:\/\/aytcoaching.com\/index.php\/wp-json\/wp\/v2\/users\/2"}],"replies":[{"embeddable":true,"href":"https:\/\/aytcoaching.com\/index.php\/wp-json\/wp\/v2\/comments?post=156"}],"version-history":[{"count":11,"href":"https:\/\/aytcoaching.com\/index.php\/wp-json\/wp\/v2\/pages\/156\/revisions"}],"predecessor-version":[{"id":3675,"href":"https:\/\/aytcoaching.com\/index.php\/wp-json\/wp\/v2\/pages\/156\/revisions\/3675"}],"wp:attachment":[{"href":"https:\/\/aytcoaching.com\/index.php\/wp-json\/wp\/v2\/media?parent=156"}],"curies":[{"name":"wp","href":"https:\/\/api.w.org\/{rel}","templated":true}]}}